{"id":6443,"date":"2023-10-11T08:51:57","date_gmt":"2023-10-11T06:51:57","guid":{"rendered":"https:\/\/ferono.com\/?page_id=6443"},"modified":"2023-10-11T09:14:27","modified_gmt":"2023-10-11T07:14:27","slug":"o-ferono","status":"publish","type":"page","link":"https:\/\/ferono.com\/pl\/o-ferono\/","title":{"rendered":"O Ferono"},"content":{"rendered":"<p>[vc_row gap=&#8221;0&#8243; luminosity=&#8221;dark&#8221; parallax=&#8221;enable_parallax&#8221; bg_position=&#8221;center center&#8221; responsive_css=&#8221;padding_top_large:220px|padding_right_large:220px|padding_bottom_large:220px|padding_left_large:220px&#8221; css=&#8221;.vc_custom_1697005520060{padding-top: 20px !important;padding-bottom: 20px !important;background-image: url(https:\/\/ferono.com\/wp-content\/uploads\/2022\/02\/header-o-ferono.png?id=5029) !important;background-position: 0 0;background-repeat: no-repeat !important;}&#8221;][vc_column offset=&#8221;vc_col-md-6&#8243;]<style>.ld_fancy_heading_69f2e522bcae1 h1{color:rgb(255, 255, 255);}.ld_fancy_heading_69f2e522bcae1 .lqd-highlight-inner{height:0.275em!important;bottom:0px!important;}<\/style><div class=\"ld-fancy-heading ld_fancy_heading_69f2e522bcae1\">\n\t<h1 class=\"ld-fh-element lqd-highlight-underline lqd-highlight-grow-left text-decoration-default\"   >  O Ferono<\/h1><\/div><style>.ld_fancy_heading_69f2e522bcc9b h5{color:rgb(255, 255, 255);}.ld_fancy_heading_69f2e522bcc9b .lqd-highlight-inner{height:0.275em!important;bottom:0px!important;}<\/style><div class=\"ld-fancy-heading text-justified ld_fancy_heading_69f2e522bcc9b\">\n\t<h5 class=\"ld-fh-element lqd-highlight-underline lqd-highlight-grow-left text-decoration-default\"   >  Profesjonalne urz\u0105dzenia wentylacyjne dedykowane do budownictwa mieszkaniowego, komercyjnego oraz przemys\u0142owego<\/h5><\/div>[\/vc_column][\/vc_row][vc_row][vc_column][vc_separator color=&#8221;white&#8221;][\/vc_column][\/vc_row][vc_row gap=&#8221;0&#8243; css=&#8221;.vc_custom_1697008179995{padding-top: 40px !important;padding-bottom: 25px !important;background-color: #000000 !important;}&#8221;][vc_column width=&#8221;5\/6&#8243;]<style>.ld_fancy_heading_69f2e522bcd97 h2{color:rgb(255, 255, 255);}.ld_fancy_heading_69f2e522bcd97 .lqd-highlight-inner{height:0.275em!important;bottom:0px!important;}<\/style><div class=\"ld-fancy-heading ld_fancy_heading_69f2e522bcd97\">\n\t<h2 class=\"ld-fh-element lqd-highlight-underline lqd-highlight-grow-left text-decoration-default\"  data-inview=\"true\" data-transition-delay=\"true\" data-delay-options=\"{&quot;elements&quot;:&quot;.lqd-highlight-inner&quot;,&quot;delayType&quot;:&quot;transition&quot;}\"  >  <mark class=\"lqd-highlight\"><span class=\"lqd-highlight-txt\"  >Najwy\u017csza jako\u015b\u0107 urz\u0105dze\u0144<\/span><span class=\"lqd-highlight-inner\"><svg class=\"lqd-highlight-brush-svg\" xmlns=\"http:\/\/www.w3.org\/2000\/svg\" width=\"235.509\" height=\"13.504\" viewBox=\"0 0 235.509 13.504\" aria-hidden=\"true\" preserveAspectRatio=\"none\"><path d=\"M163,.383a13.044,13.044,0,0,1,1.517-.072,3.528,3.528,0,0,1,1.237-.134q.618.044,1.237.044a.249.249,0,0,1-.1.178.337.337,0,0,0-.1.266q3.092.088,6.184-.044T178.953.4l-.206-.088a12,12,0,0,0,4.123,0,13.467,13.467,0,0,1,5.772,0q1.443-.178,2.68-.266A5.978,5.978,0,0,1,193.8.4,16.707,16.707,0,0,1,198.01.045q2.164.088,4.844.088-.618.088-.824.134L201.412.4a3.893,3.893,0,0,0,2.061,0,5.413,5.413,0,0,1,1.649-.356q.618.088,1.134.178a9.762,9.762,0,0,0,1.544.09,17,17,0,0,1,3.092-.266q1.649,0,3.5.178,2.886.088,5.875.044t5.875-.222q0,.088.206.088h.412a21.975,21.975,0,0,0,2.577.889A12.458,12.458,0,0,1,232.12,2.18a3.962,3.962,0,0,1,1.031.622A3.349,3.349,0,0,1,234.8,3.825a5.079,5.079,0,0,1,.618,1.111q.412.534-1.031.98-1.031.444-.618.98a2.09,2.09,0,0,1,.206.889q0,.444.825.889.618.8-.206,1.245l-1.237.534q-1.443-.088-2.68-.134a17.255,17.255,0,0,1-2.267-.222,3.128,3.128,0,0,0-.928-.044,3.129,3.129,0,0,1-.928-.044q-2.267-.178-4.432-.266T217.7,9.476q-1.649-.088-2.886-.088a17.343,17.343,0,0,1-2.474-.178q-3.916,0-7.73-.088t-7.73-.266l-12.471-.178q-6.287-.088-12.883-.088h-1.958q-.928,0-1.958.088h-2.061q-1.031,0-2.061-.088-2.68-.088-5.256-.134t-5.256.044h-5.462q-2.577,0-5.462.088-4.535.088-8.76.178t-8.554.088q-2.886.088-5.875.088t-5.875.088q-1.443.088-2.886.134t-3.092.044q-4.741.178-9.791.312t-9.791.312q-2.267.088-4.329.088T78.77,10.1q-4.329.266-8.863.49t-9.276.49q-1.237.088-2.68.134a24.356,24.356,0,0,0-2.683.224q-2.68.178-5.462.312t-5.668.4q-2.474.266-4.741.312t-4.741.044q-1.031-.088-1.958-.134a9.684,9.684,0,0,1-1.958-.312,12.5,12.5,0,0,0-1.443-.312q-.825-.134-1.856-.31-2.886.356-6.39.666t-6.8.845a26.709,26.709,0,0,1-2.886.356,20.758,20.758,0,0,1-9.482-.889Q.232,11.962.026,11.25T1.263,9.917q0-.266.825-.266a13.039,13.039,0,0,0,2.886-.444A17.187,17.187,0,0,1,7.86,8.672q3.092-.266,6.184-.8,1.649-.178,3.3-.312t3.5-.312q4.123-.354,8.039-.712t8.039-.622q9.478-.8,18.758-1.338,2.68-.178,5.153-.356t4.741-.356q2.474-.178,5.05-.356T75.88,3.24h1.34a4.829,4.829,0,0,0,1.34-.178q2.267-.178,4.329-.222t4.329-.134a7.256,7.256,0,0,1,2.267,0,3.459,3.459,0,0,0,1.031-.088,6.009,6.009,0,0,1,2.37-.266,14.745,14.745,0,0,0,2.783-.088q1.649,0,2.474.088a1.308,1.308,0,0,1,.185.011,1.226,1.226,0,0,1,.33-.1,3.656,3.656,0,0,0,.515-.088,4.433,4.433,0,0,1,2.886.266q.412-.088,1.031-.178l1.237-.178q.412,0,1.031.044a5.761,5.761,0,0,0,1.237-.044q2.886-.088,5.772-.044a53.829,53.829,0,0,0,5.772-.222,9.505,9.505,0,0,1,1.34-.088h1.34a4.428,4.428,0,0,1,.821-.258l.825-.178a15.178,15.178,0,0,1,1.855.444,3.028,3.028,0,0,1,1.031-.534,4.039,4.039,0,0,1,1.443-.178,6.158,6.158,0,0,1,1.649.178,5.05,5.05,0,0,0,2.267.268q1.855-.088,3.813-.134T138.13,1.2q1.031,0,2.164-.044t2.37-.044q-.206-.088.412-.534h3.092q.412,0,.309.266t.928,0a5.845,5.845,0,0,1,1.443,0,31.833,31.833,0,0,0,5.359.088,21.471,21.471,0,0,1,6.8.178,5.236,5.236,0,0,0,1.031-.4q.412-.222.825-.4a.694.694,0,0,1,.137.07Z\" transform=\"translate(0 0.002)\"\/><\/svg><\/span><\/mark><\/h2><\/div><style>.ld_fancy_heading_69f2e522bcfcb p{color:rgb(255, 255, 255);}.ld_fancy_heading_69f2e522bcfcb .lqd-highlight-inner{height:0.275em!important;bottom:0px!important;}<\/style><div class=\"ld-fancy-heading ld_fancy_heading_69f2e522bcfcb\">\n\t<p class=\"ld-fh-element lqd-highlight-underline lqd-highlight-grow-left text-decoration-default\"   >  FERONO jest polsk\u0105 mark\u0105 od wielu lat obecn\u0105 na rynku bran\u017cy wentylacyjnej.<\/p><\/div>[\/vc_column][vc_column width=&#8221;1\/6&#8243;]<div id=\"ld_images_group_element_69f2e522bd0a6\" class=\"lqd-imggrp-single ld_images_group_element_69f2e522bd0a6\"   >\n\t\n\t<div class=\"lqd-imggrp-img-container\"    >\n\t\t\n\t\t\t\t\n\t\t\t\t<figure class=\"loaded\"><img decoding=\"async\" width=\"50\" height=\"40\" src=\"https:\/\/ferono.com\/wp-content\/uploads\/2022\/01\/arrow_left_facing.svg\" class=\"attachment-full size-full\" alt=\"\" itemprop=\"image\" \/><\/figure>\t\t\t\t\t\t\t\t\n\t<\/div><!-- \/.lqd-imggrp-content -->\n<\/div><!-- \/.lqd-imggrp-single -->[\/vc_column][\/vc_row][vc_row gap=&#8221;0&#8243; css=&#8221;.vc_custom_1697008350744{padding-top: 25px !important;padding-bottom: 25px !important;}&#8221;][vc_column]<style>.ld_fancy_heading_69f2e522bd92b .lqd-highlight-inner{height:0.275em!important;bottom:0px!important;}<\/style><div class=\"ld-fancy-heading text-justified ld_fancy_heading_69f2e522bd92b\">\n\t<p class=\"ld-fh-element lqd-highlight-underline lqd-highlight-grow-left text-decoration-default\"   >  FERONO to profesjonalne produkty \u2013 wentylatory i kurtyny powietrzne dedykowane do budownictwa mieszkaniowego, komercyjnego oraz przemys\u0142owego.<br \/>\nUrz\u0105dzenia FERONO zapewniaj\u0105 \u015bwie\u017ce powietrze w wielu domach i presti\u017cowych obiektach w ca\u0142ej Polsce.\u200b<\/p><\/div><style>.ld_fancy_heading_69f2e522bdb97 .lqd-highlight-inner{height:0.275em!important;bottom:0px!important;}<\/style><div class=\"ld-fancy-heading text-justified ld_fancy_heading_69f2e522bdb97\">\n\t<p class=\"ld-fh-element lqd-highlight-underline lqd-highlight-grow-left text-decoration-default\"   >  Jako producent profesjonalnych urz\u0105dze\u0144 wentylacyjnych mamy \u015bwiadomo\u015b\u0107, \u017ce dla klient\u00f3w najwa\u017cniejsza jest ich niezawodno\u015b\u0107 i satysfakcja z przebywania w czystym<br \/>\ni zdrowym \u015brodowisku. Dlatego tworz\u0105c swoje produkty zawsze my\u015blimy o komforcie naszych klient\u00f3w. To dzi\u0119ki ich wymaganiom, wykorzystuj\u0105c innowacyjne,<br \/>\nw\u0142asne technologie, FERONO osi\u0105gn\u0119\u0142o najwy\u017csz\u0105 jako\u015b\u0107 urz\u0105dze\u0144 wentylacyjnych.<\/p><\/div><style>.ld_fancy_heading_69f2e522bdde4 .lqd-highlight-inner{height:0.275em!important;bottom:0px!important;}<\/style><div class=\"ld-fancy-heading text-justified ld_fancy_heading_69f2e522bdde4\">\n\t<p class=\"ld-fh-element lqd-highlight-underline lqd-highlight-grow-left text-decoration-default\"   >  Nad designem i jako\u015bci\u0105 wentylator\u00f3w FERONO pracuje do\u015bwiadczony zesp\u00f3\u0142 oko\u0142o 20 projektant\u00f3w i in\u017cynier\u00f3w, kt\u00f3rzy kreuj\u0105, a nast\u0119pnie wnikliwie oceniaj\u0105, sprawdzaj\u0105<br \/>\ni testuj\u0105 ka\u017cde opuszczaj\u0105ce fabryk\u0119 urz\u0105dzenie.<\/p><\/div>[\/vc_column][\/vc_row][vc_row gap=&#8221;0&#8243; content_placement=&#8221;middle&#8221;][vc_column parallax=&#8221;yes&#8221; width=&#8221;1\/3&#8243; scale_from_x=&#8221;1&#8243; scale_from_y=&#8221;1&#8243; from_opacity=&#8221;1&#8243; scale_to_x=&#8221;1&#8243; scale_to_y=&#8221;1&#8243; to_opacity=&#8221;1&#8243;]<div id=\"ld_images_group_element_69f2e522bdf0e\" class=\"lqd-imggrp-single ld_images_group_element_69f2e522bdf0e\"   >\n\t\n\t<div class=\"lqd-imggrp-img-container\"    data-parallax=\"true\" data-parallax-options='{\"overflowHidden\":false,\"ease\":\"linear\",\"start\":\"top bottom\"}'>\n\t\t\n\t\t\t\t\n\t\t\t\t<figure ><img decoding=\"async\" width=\"300\" height=\"300\" src=\"data:image\/svg+xml;charset=utf-8,%3Csvg xmlns%3D&#039;http%3A%2F%2Fwww.w3.org%2F2000%2Fsvg&#039; viewBox%3D&#039;0 0 600 600&#039;%2F%3E\" class=\" ld-lazyload\" alt=\"\" itemprop=\"image\" data-src=\"https:\/\/ferono.com\/wp-content\/uploads\/2022\/02\/ce.png\" data-srcset=\"https:\/\/ferono.com\/wp-content\/uploads\/2022\/02\/ce-300x300.png 300w, https:\/\/ferono.com\/wp-content\/uploads\/2022\/02\/ce-150x150.png 150w, https:\/\/ferono.com\/wp-content\/uploads\/2022\/02\/ce.png 600w\" data-aspect=\"1\" \/><\/figure>\t\t\t\t\t\t\t\t\n\t<\/div><!-- \/.lqd-imggrp-content -->\n<\/div><!-- \/.lqd-imggrp-single -->[\/vc_column][vc_column width=&#8221;1\/3&#8243;]<div id=\"ld_images_group_element_69f2e522d07a2\" class=\"lqd-imggrp-single ld_images_group_element_69f2e522d07a2\"   >\n\t\n\t<div class=\"lqd-imggrp-img-container\"    data-parallax=\"true\" data-parallax-options='{\"overflowHidden\":false,\"ease\":\"linear\",\"start\":\"top bottom\"}'>\n\t\t\n\t\t\t\t\n\t\t\t\t<figure ><img decoding=\"async\" width=\"300\" height=\"300\" src=\"data:image\/svg+xml;charset=utf-8,%3Csvg xmlns%3D&#039;http%3A%2F%2Fwww.w3.org%2F2000%2Fsvg&#039; viewBox%3D&#039;0 0 600 600&#039;%2F%3E\" class=\" ld-lazyload\" alt=\"\" itemprop=\"image\" data-src=\"https:\/\/ferono.com\/wp-content\/uploads\/2022\/02\/gwarancja-jakosci.png\" data-srcset=\"https:\/\/ferono.com\/wp-content\/uploads\/2022\/02\/gwarancja-jakosci-300x300.png 300w, https:\/\/ferono.com\/wp-content\/uploads\/2022\/02\/gwarancja-jakosci-150x150.png 150w, https:\/\/ferono.com\/wp-content\/uploads\/2022\/02\/gwarancja-jakosci.png 600w\" data-aspect=\"1\" \/><\/figure>\t\t\t\t\t\t\t\t\n\t<\/div><!-- \/.lqd-imggrp-content -->\n<\/div><!-- \/.lqd-imggrp-single -->[\/vc_column][vc_column width=&#8221;1\/3&#8243;]<div id=\"ld_images_group_element_69f2e522e844d\" class=\"lqd-imggrp-single ld_images_group_element_69f2e522e844d\"   >\n\t\n\t<div class=\"lqd-imggrp-img-container\"    data-parallax=\"true\" data-parallax-options='{\"overflowHidden\":false,\"ease\":\"linear\",\"start\":\"top bottom\"}'>\n\t\t\n\t\t\t\t\n\t\t\t\t<figure ><img decoding=\"async\" width=\"300\" height=\"300\" src=\"data:image\/svg+xml;charset=utf-8,%3Csvg xmlns%3D&#039;http%3A%2F%2Fwww.w3.org%2F2000%2Fsvg&#039; viewBox%3D&#039;0 0 600 600&#039;%2F%3E\" class=\" ld-lazyload\" alt=\"\" itemprop=\"image\" data-src=\"https:\/\/ferono.com\/wp-content\/uploads\/2022\/02\/sgs.png\" data-srcset=\"https:\/\/ferono.com\/wp-content\/uploads\/2022\/02\/sgs-300x300.png 300w, https:\/\/ferono.com\/wp-content\/uploads\/2022\/02\/sgs-150x150.png 150w, https:\/\/ferono.com\/wp-content\/uploads\/2022\/02\/sgs.png 600w\" data-aspect=\"1\" \/><\/figure>\t\t\t\t\t\t\t\t\n\t<\/div><!-- \/.lqd-imggrp-content -->\n<\/div><!-- \/.lqd-imggrp-single -->[\/vc_column][\/vc_row][vc_row][vc_column][vc_separator color=&#8221;white&#8221;][\/vc_column][\/vc_row][vc_row gap=&#8221;0&#8243; css=&#8221;.vc_custom_1697008179995{padding-top: 40px !important;padding-bottom: 25px !important;background-color: #000000 !important;}&#8221;][vc_column width=&#8221;5\/6&#8243;]<style>.ld_fancy_heading_69f2e52305fae h2{color:rgb(255, 255, 255);}.ld_fancy_heading_69f2e52305fae .lqd-highlight-inner{height:0.275em!important;bottom:0px!important;}<\/style><div class=\"ld-fancy-heading ld_fancy_heading_69f2e52305fae\">\n\t<h2 class=\"ld-fh-element lqd-highlight-underline lqd-highlight-grow-left text-decoration-default\"  data-inview=\"true\" data-transition-delay=\"true\" data-delay-options=\"{&quot;elements&quot;:&quot;.lqd-highlight-inner&quot;,&quot;delayType&quot;:&quot;transition&quot;}\"  >  <mark class=\"lqd-highlight\"><span class=\"lqd-highlight-txt\"  >Proces produkcji i kontroli jako\u015bci<\/span><span class=\"lqd-highlight-inner\"><svg class=\"lqd-highlight-brush-svg\" xmlns=\"http:\/\/www.w3.org\/2000\/svg\" width=\"235.509\" height=\"13.504\" viewBox=\"0 0 235.509 13.504\" aria-hidden=\"true\" preserveAspectRatio=\"none\"><path d=\"M163,.383a13.044,13.044,0,0,1,1.517-.072,3.528,3.528,0,0,1,1.237-.134q.618.044,1.237.044a.249.249,0,0,1-.1.178.337.337,0,0,0-.1.266q3.092.088,6.184-.044T178.953.4l-.206-.088a12,12,0,0,0,4.123,0,13.467,13.467,0,0,1,5.772,0q1.443-.178,2.68-.266A5.978,5.978,0,0,1,193.8.4,16.707,16.707,0,0,1,198.01.045q2.164.088,4.844.088-.618.088-.824.134L201.412.4a3.893,3.893,0,0,0,2.061,0,5.413,5.413,0,0,1,1.649-.356q.618.088,1.134.178a9.762,9.762,0,0,0,1.544.09,17,17,0,0,1,3.092-.266q1.649,0,3.5.178,2.886.088,5.875.044t5.875-.222q0,.088.206.088h.412a21.975,21.975,0,0,0,2.577.889A12.458,12.458,0,0,1,232.12,2.18a3.962,3.962,0,0,1,1.031.622A3.349,3.349,0,0,1,234.8,3.825a5.079,5.079,0,0,1,.618,1.111q.412.534-1.031.98-1.031.444-.618.98a2.09,2.09,0,0,1,.206.889q0,.444.825.889.618.8-.206,1.245l-1.237.534q-1.443-.088-2.68-.134a17.255,17.255,0,0,1-2.267-.222,3.128,3.128,0,0,0-.928-.044,3.129,3.129,0,0,1-.928-.044q-2.267-.178-4.432-.266T217.7,9.476q-1.649-.088-2.886-.088a17.343,17.343,0,0,1-2.474-.178q-3.916,0-7.73-.088t-7.73-.266l-12.471-.178q-6.287-.088-12.883-.088h-1.958q-.928,0-1.958.088h-2.061q-1.031,0-2.061-.088-2.68-.088-5.256-.134t-5.256.044h-5.462q-2.577,0-5.462.088-4.535.088-8.76.178t-8.554.088q-2.886.088-5.875.088t-5.875.088q-1.443.088-2.886.134t-3.092.044q-4.741.178-9.791.312t-9.791.312q-2.267.088-4.329.088T78.77,10.1q-4.329.266-8.863.49t-9.276.49q-1.237.088-2.68.134a24.356,24.356,0,0,0-2.683.224q-2.68.178-5.462.312t-5.668.4q-2.474.266-4.741.312t-4.741.044q-1.031-.088-1.958-.134a9.684,9.684,0,0,1-1.958-.312,12.5,12.5,0,0,0-1.443-.312q-.825-.134-1.856-.31-2.886.356-6.39.666t-6.8.845a26.709,26.709,0,0,1-2.886.356,20.758,20.758,0,0,1-9.482-.889Q.232,11.962.026,11.25T1.263,9.917q0-.266.825-.266a13.039,13.039,0,0,0,2.886-.444A17.187,17.187,0,0,1,7.86,8.672q3.092-.266,6.184-.8,1.649-.178,3.3-.312t3.5-.312q4.123-.354,8.039-.712t8.039-.622q9.478-.8,18.758-1.338,2.68-.178,5.153-.356t4.741-.356q2.474-.178,5.05-.356T75.88,3.24h1.34a4.829,4.829,0,0,0,1.34-.178q2.267-.178,4.329-.222t4.329-.134a7.256,7.256,0,0,1,2.267,0,3.459,3.459,0,0,0,1.031-.088,6.009,6.009,0,0,1,2.37-.266,14.745,14.745,0,0,0,2.783-.088q1.649,0,2.474.088a1.308,1.308,0,0,1,.185.011,1.226,1.226,0,0,1,.33-.1,3.656,3.656,0,0,0,.515-.088,4.433,4.433,0,0,1,2.886.266q.412-.088,1.031-.178l1.237-.178q.412,0,1.031.044a5.761,5.761,0,0,0,1.237-.044q2.886-.088,5.772-.044a53.829,53.829,0,0,0,5.772-.222,9.505,9.505,0,0,1,1.34-.088h1.34a4.428,4.428,0,0,1,.821-.258l.825-.178a15.178,15.178,0,0,1,1.855.444,3.028,3.028,0,0,1,1.031-.534,4.039,4.039,0,0,1,1.443-.178,6.158,6.158,0,0,1,1.649.178,5.05,5.05,0,0,0,2.267.268q1.855-.088,3.813-.134T138.13,1.2q1.031,0,2.164-.044t2.37-.044q-.206-.088.412-.534h3.092q.412,0,.309.266t.928,0a5.845,5.845,0,0,1,1.443,0,31.833,31.833,0,0,0,5.359.088,21.471,21.471,0,0,1,6.8.178,5.236,5.236,0,0,0,1.031-.4q.412-.222.825-.4a.694.694,0,0,1,.137.07Z\" transform=\"translate(0 0.002)\"\/><\/svg><\/span><\/mark><\/h2><\/div><style>.ld_fancy_heading_69f2e523063a1 p{color:rgb(255, 255, 255);}.ld_fancy_heading_69f2e523063a1 .lqd-highlight-inner{height:0.275em!important;bottom:0px!important;}<\/style><div class=\"ld-fancy-heading ld_fancy_heading_69f2e523063a1\">\n\t<p class=\"ld-fh-element lqd-highlight-underline lqd-highlight-grow-left text-decoration-default\"   >  Dzi\u0119ki najwy\u017cszym standardom produkcyjnym oraz drobiazgowej analizie wentylatory FERONO posiadaj\u0105 niezb\u0119dne mi\u0119dzynarodowe certyfikaty i dopuszczenia.\u200b<\/p><\/div>[\/vc_column][vc_column width=&#8221;1\/6&#8243;]<div id=\"ld_images_group_element_69f2e5230665f\" class=\"lqd-imggrp-single ld_images_group_element_69f2e5230665f\"   >\n\t\n\t<div class=\"lqd-imggrp-img-container\"    >\n\t\t\n\t\t\t\t\n\t\t\t\t<figure class=\"loaded\"><img decoding=\"async\" width=\"50\" height=\"40\" src=\"https:\/\/ferono.com\/wp-content\/uploads\/2022\/01\/arrow_left_facing.svg\" class=\"attachment-full size-full\" alt=\"\" itemprop=\"image\" \/><\/figure>\t\t\t\t\t\t\t\t\n\t<\/div><!-- \/.lqd-imggrp-content -->\n<\/div><!-- \/.lqd-imggrp-single -->[\/vc_column][\/vc_row][vc_row gap=&#8221;0&#8243; css=&#8221;.vc_custom_1697008364724{padding-top: 25px !important;padding-bottom: 25px !important;}&#8221;][vc_column]<style>.ld_fancy_heading_69f2e5231a6ee .lqd-highlight-inner{height:0.275em!important;bottom:0px!important;}<\/style><div class=\"ld-fancy-heading text-justified ld_fancy_heading_69f2e5231a6ee\">\n\t<p class=\"ld-fh-element lqd-highlight-underline lqd-highlight-grow-left text-decoration-default\"   >  Proces produkcji i kontroli jako\u015bci realizowany jest zgodnie z mi\u0119dzynarodowymi standardami, co potwierdza certyfikat ISO 9001:2008, oznacza to najwy\u017cszy poziom \u015bwiadczonych us\u0142ug.<\/p><\/div><style>.ld_fancy_heading_69f2e5231aa86 .lqd-highlight-inner{height:0.275em!important;bottom:0px!important;}<\/style><div class=\"ld-fancy-heading text-justified ld_fancy_heading_69f2e5231aa86\">\n\t<p class=\"ld-fh-element lqd-highlight-underline lqd-highlight-grow-left text-decoration-default\"   >  D\u0105\u017cymy do osi\u0105gni\u0119cia pozycji wiod\u0105cego dostawcy rozwi\u0105za\u0144 wentylacyjnych w kraju i to zar\u00f3wno pod wzgl\u0119dem technicznym, jak i wielko\u015bci sprzeda\u017cy.<br \/>\nDlatego nieustannie poszerzamy nasz\u0105 ofert\u0119 o nowe innowacyjne produkty. Dzi\u0119ki nieustannemu rozwojowi jeste\u015bmy w stanie spe\u0142ni\u0107 oczekiwania naszych klient\u00f3w.<\/p><\/div>[\/vc_column][\/vc_row]<\/p>\n","protected":false},"excerpt":{"rendered":"<p>[vc_row gap=&#8221;0&#8243; luminosity=&#8221;dark&#8221; parallax=&#8221;enable_parallax&#8221; bg_position=&#8221;center center&#8221; responsive_css=&#8221;padding_top_large:220px|padding_right_large:220px|padding_bottom_large:220px|padding_left_large:220px&#8221; css=&#8221;.vc_custom_1697005520060{padding-top: 20px !important;padding-bottom: 20px !important;background-image: url(https:\/\/ferono.com\/wp-content\/uploads\/2022\/02\/header-o-ferono.png?id=5029) !important;background-position: 0 0;background-repeat: no-repeat !important;}&#8221;][vc_column offset=&#8221;vc_col-md-6&#8243;][\/vc_column][\/vc_row][vc_row][vc_column][vc_separator color=&#8221;white&#8221;][\/vc_column][\/vc_row][vc_row gap=&#8221;0&#8243; css=&#8221;.vc_custom_1697008179995{padding-top: 40px !important;padding-bottom: 25px !important;background-color: #000000 !important;}&#8221;][vc_column width=&#8221;5\/6&#8243;][\/vc_column][vc_column width=&#8221;1\/6&#8243;][\/vc_column][\/vc_row][vc_row gap=&#8221;0&#8243; css=&#8221;.vc_custom_1697008350744{padding-top: 25px !important;padding-bottom: 25px !important;}&#8221;][vc_column][\/vc_column][\/vc_row][vc_row gap=&#8221;0&#8243; content_placement=&#8221;middle&#8221;][vc_column parallax=&#8221;yes&#8221; width=&#8221;1\/3&#8243; scale_from_x=&#8221;1&#8243; scale_from_y=&#8221;1&#8243; from_opacity=&#8221;1&#8243; scale_to_x=&#8221;1&#8243; scale_to_y=&#8221;1&#8243; to_opacity=&#8221;1&#8243;][\/vc_column][vc_column width=&#8221;1\/3&#8243;][\/vc_column][vc_column width=&#8221;1\/3&#8243;][\/vc_column][\/vc_row][vc_row][vc_column][vc_separator color=&#8221;white&#8221;][\/vc_column][\/vc_row][vc_row gap=&#8221;0&#8243; css=&#8221;.vc_custom_1697008179995{padding-top: 40px !important;padding-bottom: 25px !important;background-color: [&hellip;]<\/p>\n","protected":false},"author":7,"featured_media":0,"parent":0,"menu_order":0,"comment_status":"closed","ping_status":"closed","template":"","meta":{"inline_featured_image":false,"footnotes":""},"class_list":["post-6443","page","type-page","status-publish","hentry"],"yoast_head":"<!-- This site is optimized with the Yoast SEO plugin v24.1 - https:\/\/yoast.com\/wordpress\/plugins\/seo\/ -->\n<title>O Ferono - Ferono<\/title>\n<meta name=\"description\" content=\"Jeste\u015bmy producentem profesjonalnych kurtyn powietrznych i wentylator\u00f3w.\" \/>\n<meta name=\"robots\" content=\"index, follow, max-snippet:-1, max-image-preview:large, max-video-preview:-1\" \/>\n<link rel=\"canonical\" href=\"https:\/\/ferono.com\/pl\/o-ferono\/\" \/>\n<meta property=\"og:locale\" content=\"pl_PL\" \/>\n<meta property=\"og:type\" content=\"article\" \/>\n<meta property=\"og:title\" content=\"O Ferono - Ferono\" \/>\n<meta property=\"og:description\" content=\"Jeste\u015bmy producentem profesjonalnych kurtyn powietrznych i wentylator\u00f3w.\" \/>\n<meta property=\"og:url\" content=\"https:\/\/ferono.com\/pl\/o-ferono\/\" \/>\n<meta property=\"og:site_name\" content=\"Ferono\" \/>\n<meta property=\"article:modified_time\" content=\"2023-10-11T07:14:27+00:00\" \/>\n<meta name=\"twitter:card\" content=\"summary_large_image\" \/>\n<meta name=\"twitter:label1\" content=\"Szacowany czas czytania\" \/>\n\t<meta name=\"twitter:data1\" content=\"4 minuty\" \/>\n<script type=\"application\/ld+json\" class=\"yoast-schema-graph\">{\"@context\":\"https:\/\/schema.org\",\"@graph\":[{\"@type\":\"WebPage\",\"@id\":\"https:\/\/ferono.com\/pl\/o-ferono\/\",\"url\":\"https:\/\/ferono.com\/pl\/o-ferono\/\",\"name\":\"O Ferono - Ferono\",\"isPartOf\":{\"@id\":\"https:\/\/ferono.com\/pl\/#website\"},\"datePublished\":\"2023-10-11T06:51:57+00:00\",\"dateModified\":\"2023-10-11T07:14:27+00:00\",\"description\":\"Jeste\u015bmy producentem profesjonalnych kurtyn powietrznych i wentylator\u00f3w.\",\"breadcrumb\":{\"@id\":\"https:\/\/ferono.com\/pl\/o-ferono\/#breadcrumb\"},\"inLanguage\":\"pl-PL\",\"potentialAction\":[{\"@type\":\"ReadAction\",\"target\":[\"https:\/\/ferono.com\/pl\/o-ferono\/\"]}]},{\"@type\":\"BreadcrumbList\",\"@id\":\"https:\/\/ferono.com\/pl\/o-ferono\/#breadcrumb\",\"itemListElement\":[{\"@type\":\"ListItem\",\"position\":1,\"name\":\"Strona g\u0142\u00f3wna\",\"item\":\"https:\/\/ferono.com\/pl\/\"},{\"@type\":\"ListItem\",\"position\":2,\"name\":\"O Ferono\"}]},{\"@type\":\"WebSite\",\"@id\":\"https:\/\/ferono.com\/pl\/#website\",\"url\":\"https:\/\/ferono.com\/pl\/\",\"name\":\"Ferono - producent kurtyn powietrznych i wentylator\u00f3w\",\"description\":\"Kurtyny powietrzne i wentylatory\",\"potentialAction\":[{\"@type\":\"SearchAction\",\"target\":{\"@type\":\"EntryPoint\",\"urlTemplate\":\"https:\/\/ferono.com\/pl\/?s={search_term_string}\"},\"query-input\":{\"@type\":\"PropertyValueSpecification\",\"valueRequired\":true,\"valueName\":\"search_term_string\"}}],\"inLanguage\":\"pl-PL\"}]}<\/script>\n<!-- \/ Yoast SEO plugin. -->","yoast_head_json":{"title":"O Ferono - Ferono","description":"Jeste\u015bmy producentem profesjonalnych kurtyn powietrznych i wentylator\u00f3w.","robots":{"index":"index","follow":"follow","max-snippet":"max-snippet:-1","max-image-preview":"max-image-preview:large","max-video-preview":"max-video-preview:-1"},"canonical":"https:\/\/ferono.com\/pl\/o-ferono\/","og_locale":"pl_PL","og_type":"article","og_title":"O Ferono - Ferono","og_description":"Jeste\u015bmy producentem profesjonalnych kurtyn powietrznych i wentylator\u00f3w.","og_url":"https:\/\/ferono.com\/pl\/o-ferono\/","og_site_name":"Ferono","article_modified_time":"2023-10-11T07:14:27+00:00","twitter_card":"summary_large_image","twitter_misc":{"Szacowany czas czytania":"4 minuty"},"schema":{"@context":"https:\/\/schema.org","@graph":[{"@type":"WebPage","@id":"https:\/\/ferono.com\/pl\/o-ferono\/","url":"https:\/\/ferono.com\/pl\/o-ferono\/","name":"O Ferono - Ferono","isPartOf":{"@id":"https:\/\/ferono.com\/pl\/#website"},"datePublished":"2023-10-11T06:51:57+00:00","dateModified":"2023-10-11T07:14:27+00:00","description":"Jeste\u015bmy producentem profesjonalnych kurtyn powietrznych i wentylator\u00f3w.","breadcrumb":{"@id":"https:\/\/ferono.com\/pl\/o-ferono\/#breadcrumb"},"inLanguage":"pl-PL","potentialAction":[{"@type":"ReadAction","target":["https:\/\/ferono.com\/pl\/o-ferono\/"]}]},{"@type":"BreadcrumbList","@id":"https:\/\/ferono.com\/pl\/o-ferono\/#breadcrumb","itemListElement":[{"@type":"ListItem","position":1,"name":"Strona g\u0142\u00f3wna","item":"https:\/\/ferono.com\/pl\/"},{"@type":"ListItem","position":2,"name":"O Ferono"}]},{"@type":"WebSite","@id":"https:\/\/ferono.com\/pl\/#website","url":"https:\/\/ferono.com\/pl\/","name":"Ferono - producent kurtyn powietrznych i wentylator\u00f3w","description":"Kurtyny powietrzne i wentylatory","potentialAction":[{"@type":"SearchAction","target":{"@type":"EntryPoint","urlTemplate":"https:\/\/ferono.com\/pl\/?s={search_term_string}"},"query-input":{"@type":"PropertyValueSpecification","valueRequired":true,"valueName":"search_term_string"}}],"inLanguage":"pl-PL"}]}},"_links":{"self":[{"href":"https:\/\/ferono.com\/pl\/wp-json\/wp\/v2\/pages\/6443","targetHints":{"allow":["GET"]}}],"collection":[{"href":"https:\/\/ferono.com\/pl\/wp-json\/wp\/v2\/pages"}],"about":[{"href":"https:\/\/ferono.com\/pl\/wp-json\/wp\/v2\/types\/page"}],"author":[{"embeddable":true,"href":"https:\/\/ferono.com\/pl\/wp-json\/wp\/v2\/users\/7"}],"replies":[{"embeddable":true,"href":"https:\/\/ferono.com\/pl\/wp-json\/wp\/v2\/comments?post=6443"}],"version-history":[{"count":15,"href":"https:\/\/ferono.com\/pl\/wp-json\/wp\/v2\/pages\/6443\/revisions"}],"predecessor-version":[{"id":6462,"href":"https:\/\/ferono.com\/pl\/wp-json\/wp\/v2\/pages\/6443\/revisions\/6462"}],"wp:attachment":[{"href":"https:\/\/ferono.com\/pl\/wp-json\/wp\/v2\/media?parent=6443"}],"curies":[{"name":"wp","href":"https:\/\/api.w.org\/{rel}","templated":true}]}}