{"id":5451,"date":"2022-04-24T15:02:31","date_gmt":"2022-04-24T13:02:31","guid":{"rendered":"https:\/\/ferono.com\/?post_type=product&#038;p=5451"},"modified":"2023-10-13T09:48:37","modified_gmt":"2023-10-13T07:48:37","slug":"czujnik-drzwiowy-b-1-kontaktron-boczny","status":"publish","type":"product","link":"https:\/\/ferono.com\/pl\/produkt\/czujnik-drzwiowy-b-1-kontaktron-boczny\/","title":{"rendered":"Czujnik drzwiowy &#8211; B-1 kontaktron boczny"},"content":{"rendered":"<p>[vc_row css=&#8221;.vc_custom_1645906409734{margin-top: 30px !important;margin-bottom: 30px !important;padding-top: 60px !important;padding-bottom: 60px !important;background-color: #000000 !important;}&#8221; row_hide=&#8221;hidden-xs hidden-sm&#8221;][vc_column width=&#8221;5\/6&#8243;]<style>.ld_fancy_heading_69f35c288eee6 h2{color:rgb(255, 255, 255);}.ld_fancy_heading_69f35c288eee6 .lqd-highlight-inner{height:0.275em!important;bottom:0px!important;background:rgb(48, 144, 207)!important;}<\/style><div class=\"ld-fancy-heading ld_fancy_heading_69f35c288eee6\">\n\t<h2 class=\"ld-fh-element lqd-highlight-underline lqd-highlight-grow-left lqd-highlight-reset-onhover text-decoration-default\"  data-inview=\"true\" data-transition-delay=\"true\" data-delay-options=\"{&quot;elements&quot;:&quot;.lqd-highlight-inner&quot;,&quot;delayType&quot;:&quot;transition&quot;}\"  >  <mark class=\"lqd-highlight\"><span class=\"lqd-highlight-txt\"  >Zastosowanie<\/span><span class=\"lqd-highlight-inner\"><svg class=\"lqd-highlight-brush-svg\" xmlns=\"http:\/\/www.w3.org\/2000\/svg\" width=\"235.509\" height=\"13.504\" viewBox=\"0 0 235.509 13.504\" aria-hidden=\"true\" preserveAspectRatio=\"none\"><path d=\"M163,.383a13.044,13.044,0,0,1,1.517-.072,3.528,3.528,0,0,1,1.237-.134q.618.044,1.237.044a.249.249,0,0,1-.1.178.337.337,0,0,0-.1.266q3.092.088,6.184-.044T178.953.4l-.206-.088a12,12,0,0,0,4.123,0,13.467,13.467,0,0,1,5.772,0q1.443-.178,2.68-.266A5.978,5.978,0,0,1,193.8.4,16.707,16.707,0,0,1,198.01.045q2.164.088,4.844.088-.618.088-.824.134L201.412.4a3.893,3.893,0,0,0,2.061,0,5.413,5.413,0,0,1,1.649-.356q.618.088,1.134.178a9.762,9.762,0,0,0,1.544.09,17,17,0,0,1,3.092-.266q1.649,0,3.5.178,2.886.088,5.875.044t5.875-.222q0,.088.206.088h.412a21.975,21.975,0,0,0,2.577.889A12.458,12.458,0,0,1,232.12,2.18a3.962,3.962,0,0,1,1.031.622A3.349,3.349,0,0,1,234.8,3.825a5.079,5.079,0,0,1,.618,1.111q.412.534-1.031.98-1.031.444-.618.98a2.09,2.09,0,0,1,.206.889q0,.444.825.889.618.8-.206,1.245l-1.237.534q-1.443-.088-2.68-.134a17.255,17.255,0,0,1-2.267-.222,3.128,3.128,0,0,0-.928-.044,3.129,3.129,0,0,1-.928-.044q-2.267-.178-4.432-.266T217.7,9.476q-1.649-.088-2.886-.088a17.343,17.343,0,0,1-2.474-.178q-3.916,0-7.73-.088t-7.73-.266l-12.471-.178q-6.287-.088-12.883-.088h-1.958q-.928,0-1.958.088h-2.061q-1.031,0-2.061-.088-2.68-.088-5.256-.134t-5.256.044h-5.462q-2.577,0-5.462.088-4.535.088-8.76.178t-8.554.088q-2.886.088-5.875.088t-5.875.088q-1.443.088-2.886.134t-3.092.044q-4.741.178-9.791.312t-9.791.312q-2.267.088-4.329.088T78.77,10.1q-4.329.266-8.863.49t-9.276.49q-1.237.088-2.68.134a24.356,24.356,0,0,0-2.683.224q-2.68.178-5.462.312t-5.668.4q-2.474.266-4.741.312t-4.741.044q-1.031-.088-1.958-.134a9.684,9.684,0,0,1-1.958-.312,12.5,12.5,0,0,0-1.443-.312q-.825-.134-1.856-.31-2.886.356-6.39.666t-6.8.845a26.709,26.709,0,0,1-2.886.356,20.758,20.758,0,0,1-9.482-.889Q.232,11.962.026,11.25T1.263,9.917q0-.266.825-.266a13.039,13.039,0,0,0,2.886-.444A17.187,17.187,0,0,1,7.86,8.672q3.092-.266,6.184-.8,1.649-.178,3.3-.312t3.5-.312q4.123-.354,8.039-.712t8.039-.622q9.478-.8,18.758-1.338,2.68-.178,5.153-.356t4.741-.356q2.474-.178,5.05-.356T75.88,3.24h1.34a4.829,4.829,0,0,0,1.34-.178q2.267-.178,4.329-.222t4.329-.134a7.256,7.256,0,0,1,2.267,0,3.459,3.459,0,0,0,1.031-.088,6.009,6.009,0,0,1,2.37-.266,14.745,14.745,0,0,0,2.783-.088q1.649,0,2.474.088a1.308,1.308,0,0,1,.185.011,1.226,1.226,0,0,1,.33-.1,3.656,3.656,0,0,0,.515-.088,4.433,4.433,0,0,1,2.886.266q.412-.088,1.031-.178l1.237-.178q.412,0,1.031.044a5.761,5.761,0,0,0,1.237-.044q2.886-.088,5.772-.044a53.829,53.829,0,0,0,5.772-.222,9.505,9.505,0,0,1,1.34-.088h1.34a4.428,4.428,0,0,1,.821-.258l.825-.178a15.178,15.178,0,0,1,1.855.444,3.028,3.028,0,0,1,1.031-.534,4.039,4.039,0,0,1,1.443-.178,6.158,6.158,0,0,1,1.649.178,5.05,5.05,0,0,0,2.267.268q1.855-.088,3.813-.134T138.13,1.2q1.031,0,2.164-.044t2.37-.044q-.206-.088.412-.534h3.092q.412,0,.309.266t.928,0a5.845,5.845,0,0,1,1.443,0,31.833,31.833,0,0,0,5.359.088,21.471,21.471,0,0,1,6.8.178,5.236,5.236,0,0,0,1.031-.4q.412-.222.825-.4a.694.694,0,0,1,.137.07Z\" transform=\"translate(0 0.002)\"\/><\/svg><\/span><\/mark><\/h2><\/div><style>.ld_fancy_heading_69f35c288f0be p{color:rgb(255, 255, 255);}.ld_fancy_heading_69f35c288f0be p {font-size:18px; } .ld_fancy_heading_69f35c288f0be p {line-height:1.666em; } .ld_fancy_heading_69f35c288f0be p {--element-line-height:1.666em; } .ld_fancy_heading_69f35c288f0be p {letter-spacing:-0.01em; } .ld_fancy_heading_69f35c288f0be p {margin-bottom:0px !important;  } .ld_fancy_heading_69f35c288f0be .lqd-highlight-inner{height:0.275em!important;bottom:0px!important;}.ld_fancy_heading_69f35c288f0be p {font-size:18px; } .ld_fancy_heading_69f35c288f0be p {line-height:1.666em; } .ld_fancy_heading_69f35c288f0be p {--element-line-height:1.666em; } .ld_fancy_heading_69f35c288f0be p {letter-spacing:-0.01em; } .ld_fancy_heading_69f35c288f0be p {margin-bottom:0px !important;  } <\/style><div class=\"ld-fancy-heading ld_fancy_heading_69f35c288f0be\">\n\t<p class=\"ld-fh-element lqd-highlight-underline lqd-highlight-grow-left text-decoration-default\"   >  Magnetyczny czujnik drzwiowy, umo\u017cliwiaj\u0105cy w\u0142\u0105czanie kurtyny w przypadku otwarcia drzwi lub wy\u0142\u0105czenia jej, w przypadku zamkni\u0119cia drzwi.<\/p><\/div>[\/vc_column][vc_column width=&#8221;1\/6&#8243;]<style>.ld_images_group_element_69f35c288f1be {margin-bottom:15px !important;  } .ld_images_group_element_69f35c288f1be {margin-bottom:15px !important;  } <\/style><div id=\"ld_images_group_element_69f35c288f1be\" class=\"lqd-imggrp-single hidden-sm ld_images_group_element_69f35c288f1be\"   >\n\t\n\t<div class=\"lqd-imggrp-img-container\"    >\n\t\t\n\t\t\t\t\n\t\t\t\t<figure class=\"loaded\"><img decoding=\"async\" width=\"50\" height=\"40\" src=\"https:\/\/ferono.com\/wp-content\/uploads\/2022\/01\/arrow_left_facing.svg\" class=\"attachment-full size-full\" alt=\"\" itemprop=\"image\" \/><\/figure>\t\t\t\t\t\t\t\t\n\t<\/div><!-- \/.lqd-imggrp-content -->\n<\/div><!-- \/.lqd-imggrp-single -->[\/vc_column][\/vc_row]<\/p>\n","protected":false},"excerpt":{"rendered":"<p>[vc_row css=&#8221;.vc_custom_1645906409734{margin-top: 30px !important;margin-bottom: 30px !important;padding-top: 60px !important;padding-bottom: 60px !important;background-color: #000000 !important;}&#8221; row_hide=&#8221;hidden-xs hidden-sm&#8221;][vc_column width=&#8221;5\/6&#8243;][\/vc_column][vc_column width=&#8221;1\/6&#8243;][\/vc_column][\/vc_row]<\/p>\n","protected":false},"featured_media":6201,"template":"","meta":{"inline_featured_image":false},"product_brand":[],"product_cat":[37,59],"product_tag":[],"class_list":{"0":"post-5451","1":"product","2":"type-product","3":"status-publish","4":"has-post-thumbnail","6":"product_cat-kurtyny-powietrzne","7":"product_cat-automatyka","9":"first","10":"instock","11":"shipping-taxable","12":"product-type-simple"},"yoast_head":"<!-- This site is optimized with the Yoast SEO plugin v24.1 - https:\/\/yoast.com\/wordpress\/plugins\/seo\/ -->\n<title>Czujnik drzwiowy - B-1 kontaktron boczny - Ferono<\/title>\n<meta name=\"robots\" content=\"index, follow, max-snippet:-1, max-image-preview:large, max-video-preview:-1\" \/>\n<link rel=\"canonical\" href=\"https:\/\/ferono.com\/pl\/produkt\/czujnik-drzwiowy-b-1-kontaktron-boczny\/\" \/>\n<meta property=\"og:locale\" content=\"pl_PL\" \/>\n<meta property=\"og:type\" content=\"article\" \/>\n<meta property=\"og:title\" content=\"Czujnik drzwiowy - B-1 kontaktron boczny - Ferono\" \/>\n<meta property=\"og:description\" content=\"[vc_row css=&#8221;.vc_custom_1645906409734{margin-top: 30px !important;margin-bottom: 30px !important;padding-top: 60px !important;padding-bottom: 60px !important;background-color: #000000 !important;}&#8221; row_hide=&#8221;hidden-xs hidden-sm&#8221;][vc_column width=&#8221;5\/6&#8243;][\/vc_column][vc_column width=&#8221;1\/6&#8243;][\/vc_column][\/vc_row]\" \/>\n<meta property=\"og:url\" content=\"https:\/\/ferono.com\/pl\/produkt\/czujnik-drzwiowy-b-1-kontaktron-boczny\/\" \/>\n<meta property=\"og:site_name\" content=\"Ferono\" \/>\n<meta property=\"article:modified_time\" content=\"2023-10-13T07:48:37+00:00\" \/>\n<meta property=\"og:image\" content=\"https:\/\/ferono.com\/wp-content\/uploads\/2022\/04\/opcja-czujnika_drzwiowego.jpg\" \/>\n\t<meta property=\"og:image:width\" content=\"600\" \/>\n\t<meta property=\"og:image:height\" content=\"600\" \/>\n\t<meta property=\"og:image:type\" content=\"image\/jpeg\" \/>\n<meta name=\"twitter:card\" content=\"summary_large_image\" \/>\n<meta name=\"twitter:label1\" content=\"Szacowany czas czytania\" \/>\n\t<meta name=\"twitter:data1\" content=\"1 minuta\" \/>\n<script type=\"application\/ld+json\" class=\"yoast-schema-graph\">{\"@context\":\"https:\/\/schema.org\",\"@graph\":[{\"@type\":\"WebPage\",\"@id\":\"https:\/\/ferono.com\/pl\/produkt\/czujnik-drzwiowy-b-1-kontaktron-boczny\/\",\"url\":\"https:\/\/ferono.com\/pl\/produkt\/czujnik-drzwiowy-b-1-kontaktron-boczny\/\",\"name\":\"Czujnik drzwiowy - B-1 kontaktron boczny - Ferono\",\"isPartOf\":{\"@id\":\"https:\/\/ferono.com\/pl\/#website\"},\"primaryImageOfPage\":{\"@id\":\"https:\/\/ferono.com\/pl\/produkt\/czujnik-drzwiowy-b-1-kontaktron-boczny\/#primaryimage\"},\"image\":{\"@id\":\"https:\/\/ferono.com\/pl\/produkt\/czujnik-drzwiowy-b-1-kontaktron-boczny\/#primaryimage\"},\"thumbnailUrl\":\"https:\/\/ferono.com\/wp-content\/uploads\/2022\/04\/opcja-czujnika_drzwiowego.jpg\",\"datePublished\":\"2022-04-24T13:02:31+00:00\",\"dateModified\":\"2023-10-13T07:48:37+00:00\",\"breadcrumb\":{\"@id\":\"https:\/\/ferono.com\/pl\/produkt\/czujnik-drzwiowy-b-1-kontaktron-boczny\/#breadcrumb\"},\"inLanguage\":\"pl-PL\",\"potentialAction\":[{\"@type\":\"ReadAction\",\"target\":[\"https:\/\/ferono.com\/pl\/produkt\/czujnik-drzwiowy-b-1-kontaktron-boczny\/\"]}]},{\"@type\":\"ImageObject\",\"inLanguage\":\"pl-PL\",\"@id\":\"https:\/\/ferono.com\/pl\/produkt\/czujnik-drzwiowy-b-1-kontaktron-boczny\/#primaryimage\",\"url\":\"https:\/\/ferono.com\/wp-content\/uploads\/2022\/04\/opcja-czujnika_drzwiowego.jpg\",\"contentUrl\":\"https:\/\/ferono.com\/wp-content\/uploads\/2022\/04\/opcja-czujnika_drzwiowego.jpg\",\"width\":600,\"height\":600},{\"@type\":\"BreadcrumbList\",\"@id\":\"https:\/\/ferono.com\/pl\/produkt\/czujnik-drzwiowy-b-1-kontaktron-boczny\/#breadcrumb\",\"itemListElement\":[{\"@type\":\"ListItem\",\"position\":1,\"name\":\"Strona g\u0142\u00f3wna\",\"item\":\"https:\/\/ferono.com\/pl\/\"},{\"@type\":\"ListItem\",\"position\":2,\"name\":\"Produkty\",\"item\":\"https:\/\/ferono.com\/pl\/produkty\/\"},{\"@type\":\"ListItem\",\"position\":3,\"name\":\"Czujnik drzwiowy &#8211; B-1 kontaktron boczny\"}]},{\"@type\":\"WebSite\",\"@id\":\"https:\/\/ferono.com\/pl\/#website\",\"url\":\"https:\/\/ferono.com\/pl\/\",\"name\":\"Ferono - producent kurtyn powietrznych i wentylator\u00f3w\",\"description\":\"Kurtyny powietrzne i wentylatory\",\"potentialAction\":[{\"@type\":\"SearchAction\",\"target\":{\"@type\":\"EntryPoint\",\"urlTemplate\":\"https:\/\/ferono.com\/pl\/?s={search_term_string}\"},\"query-input\":{\"@type\":\"PropertyValueSpecification\",\"valueRequired\":true,\"valueName\":\"search_term_string\"}}],\"inLanguage\":\"pl-PL\"}]}<\/script>\n<!-- \/ Yoast SEO plugin. -->","yoast_head_json":{"title":"Czujnik drzwiowy - B-1 kontaktron boczny - Ferono","robots":{"index":"index","follow":"follow","max-snippet":"max-snippet:-1","max-image-preview":"max-image-preview:large","max-video-preview":"max-video-preview:-1"},"canonical":"https:\/\/ferono.com\/pl\/produkt\/czujnik-drzwiowy-b-1-kontaktron-boczny\/","og_locale":"pl_PL","og_type":"article","og_title":"Czujnik drzwiowy - B-1 kontaktron boczny - Ferono","og_description":"[vc_row css=&#8221;.vc_custom_1645906409734{margin-top: 30px !important;margin-bottom: 30px !important;padding-top: 60px !important;padding-bottom: 60px !important;background-color: #000000 !important;}&#8221; row_hide=&#8221;hidden-xs hidden-sm&#8221;][vc_column width=&#8221;5\/6&#8243;][\/vc_column][vc_column width=&#8221;1\/6&#8243;][\/vc_column][\/vc_row]","og_url":"https:\/\/ferono.com\/pl\/produkt\/czujnik-drzwiowy-b-1-kontaktron-boczny\/","og_site_name":"Ferono","article_modified_time":"2023-10-13T07:48:37+00:00","og_image":[{"width":600,"height":600,"url":"https:\/\/ferono.com\/wp-content\/uploads\/2022\/04\/opcja-czujnika_drzwiowego.jpg","type":"image\/jpeg"}],"twitter_card":"summary_large_image","twitter_misc":{"Szacowany czas czytania":"1 minuta"},"schema":{"@context":"https:\/\/schema.org","@graph":[{"@type":"WebPage","@id":"https:\/\/ferono.com\/pl\/produkt\/czujnik-drzwiowy-b-1-kontaktron-boczny\/","url":"https:\/\/ferono.com\/pl\/produkt\/czujnik-drzwiowy-b-1-kontaktron-boczny\/","name":"Czujnik drzwiowy - B-1 kontaktron boczny - Ferono","isPartOf":{"@id":"https:\/\/ferono.com\/pl\/#website"},"primaryImageOfPage":{"@id":"https:\/\/ferono.com\/pl\/produkt\/czujnik-drzwiowy-b-1-kontaktron-boczny\/#primaryimage"},"image":{"@id":"https:\/\/ferono.com\/pl\/produkt\/czujnik-drzwiowy-b-1-kontaktron-boczny\/#primaryimage"},"thumbnailUrl":"https:\/\/ferono.com\/wp-content\/uploads\/2022\/04\/opcja-czujnika_drzwiowego.jpg","datePublished":"2022-04-24T13:02:31+00:00","dateModified":"2023-10-13T07:48:37+00:00","breadcrumb":{"@id":"https:\/\/ferono.com\/pl\/produkt\/czujnik-drzwiowy-b-1-kontaktron-boczny\/#breadcrumb"},"inLanguage":"pl-PL","potentialAction":[{"@type":"ReadAction","target":["https:\/\/ferono.com\/pl\/produkt\/czujnik-drzwiowy-b-1-kontaktron-boczny\/"]}]},{"@type":"ImageObject","inLanguage":"pl-PL","@id":"https:\/\/ferono.com\/pl\/produkt\/czujnik-drzwiowy-b-1-kontaktron-boczny\/#primaryimage","url":"https:\/\/ferono.com\/wp-content\/uploads\/2022\/04\/opcja-czujnika_drzwiowego.jpg","contentUrl":"https:\/\/ferono.com\/wp-content\/uploads\/2022\/04\/opcja-czujnika_drzwiowego.jpg","width":600,"height":600},{"@type":"BreadcrumbList","@id":"https:\/\/ferono.com\/pl\/produkt\/czujnik-drzwiowy-b-1-kontaktron-boczny\/#breadcrumb","itemListElement":[{"@type":"ListItem","position":1,"name":"Strona g\u0142\u00f3wna","item":"https:\/\/ferono.com\/pl\/"},{"@type":"ListItem","position":2,"name":"Produkty","item":"https:\/\/ferono.com\/pl\/produkty\/"},{"@type":"ListItem","position":3,"name":"Czujnik drzwiowy &#8211; B-1 kontaktron boczny"}]},{"@type":"WebSite","@id":"https:\/\/ferono.com\/pl\/#website","url":"https:\/\/ferono.com\/pl\/","name":"Ferono - producent kurtyn powietrznych i wentylator\u00f3w","description":"Kurtyny powietrzne i wentylatory","potentialAction":[{"@type":"SearchAction","target":{"@type":"EntryPoint","urlTemplate":"https:\/\/ferono.com\/pl\/?s={search_term_string}"},"query-input":{"@type":"PropertyValueSpecification","valueRequired":true,"valueName":"search_term_string"}}],"inLanguage":"pl-PL"}]}},"_links":{"self":[{"href":"https:\/\/ferono.com\/pl\/wp-json\/wp\/v2\/product\/5451","targetHints":{"allow":["GET"]}}],"collection":[{"href":"https:\/\/ferono.com\/pl\/wp-json\/wp\/v2\/product"}],"about":[{"href":"https:\/\/ferono.com\/pl\/wp-json\/wp\/v2\/types\/product"}],"wp:featuredmedia":[{"embeddable":true,"href":"https:\/\/ferono.com\/pl\/wp-json\/wp\/v2\/media\/6201"}],"wp:attachment":[{"href":"https:\/\/ferono.com\/pl\/wp-json\/wp\/v2\/media?parent=5451"}],"wp:term":[{"taxonomy":"product_brand","embeddable":true,"href":"https:\/\/ferono.com\/pl\/wp-json\/wp\/v2\/product_brand?post=5451"},{"taxonomy":"product_cat","embeddable":true,"href":"https:\/\/ferono.com\/pl\/wp-json\/wp\/v2\/product_cat?post=5451"},{"taxonomy":"product_tag","embeddable":true,"href":"https:\/\/ferono.com\/pl\/wp-json\/wp\/v2\/product_tag?post=5451"}],"curies":[{"name":"wp","href":"https:\/\/api.w.org\/{rel}","templated":true}]}}